{"id":1020,"date":"2022-08-12T16:09:13","date_gmt":"2022-08-12T19:09:13","guid":{"rendered":"https:\/\/www.habibadvogados.com.br\/english\/?page_id=1020"},"modified":"2022-08-23T09:32:07","modified_gmt":"2022-08-23T12:32:07","slug":"associated-offices-foreign-consultants","status":"publish","type":"page","link":"https:\/\/www.habibadvogados.com.br\/english\/associated-offices-foreign-consultants\/","title":{"rendered":"Associated Offices\/Foreign Consultants"},"content":{"rendered":"","protected":false},"excerpt":{"rendered":"","protected":false},"author":2,"featured_media":0,"parent":0,"menu_order":0,"comment_status":"closed","ping_status":"closed","template":"","meta":{"footnotes":""},"class_list":["post-1020","page","type-page","status-publish","hentry"],"yoast_head":"<!-- This site is optimized with the Yoast SEO plugin v26.9 - https:\/\/yoast.com\/product\/yoast-seo-wordpress\/ -->\n<title>Associated Offices\/Foreign Consultants | Habib Advogados | Advocacia e Consultoria Jur\u00eddica<\/title>\n<meta name=\"description\" content=\"Os processos s\u00e3o realizados por uma equipe multidisciplinar composta por advogados, consultores, contadores e auditores, liderados pelo advogado Dr. Diban Habib e Dr. V\u00edtor.\" \/>\n<meta name=\"robots\" content=\"index, follow, max-snippet:-1, max-image-preview:large, max-video-preview:-1\" \/>\n<link rel=\"canonical\" href=\"https:\/\/www.habibadvogados.com.br\/english\/associated-offices-foreign-consultants\/\" \/>\n<meta property=\"og:locale\" content=\"pt_BR\" \/>\n<meta property=\"og:type\" content=\"article\" \/>\n<meta property=\"og:title\" content=\"Associated Offices\/Foreign Consultants | Habib Advogados | Advocacia e Consultoria Jur\u00eddica\" \/>\n<meta property=\"og:description\" content=\"Os processos s\u00e3o realizados por uma equipe multidisciplinar composta por advogados, consultores, contadores e auditores, liderados pelo advogado Dr. Diban Habib e Dr. V\u00edtor.\" \/>\n<meta property=\"og:url\" content=\"https:\/\/www.habibadvogados.com.br\/english\/associated-offices-foreign-consultants\/\" \/>\n<meta property=\"og:site_name\" content=\"Habib Advogados | Advocacia e Consultoria Jur\u00eddica\" \/>\n<meta property=\"article:modified_time\" content=\"2022-08-23T12:32:07+00:00\" \/>\n<meta name=\"twitter:card\" content=\"summary_large_image\" \/>\n<script type=\"application\/ld+json\" class=\"yoast-schema-graph\">{\"@context\":\"https:\/\/schema.org\",\"@graph\":[{\"@type\":\"WebPage\",\"@id\":\"https:\/\/www.habibadvogados.com.br\/english\/associated-offices-foreign-consultants\/\",\"url\":\"https:\/\/www.habibadvogados.com.br\/english\/associated-offices-foreign-consultants\/\",\"name\":\"Associated Offices\/Foreign Consultants | Habib Advogados | Advocacia e Consultoria Jur\u00eddica\",\"isPartOf\":{\"@id\":\"https:\/\/www.habibadvogados.com.br\/english\/#website\"},\"datePublished\":\"2022-08-12T19:09:13+00:00\",\"dateModified\":\"2022-08-23T12:32:07+00:00\",\"description\":\"Os processos s\u00e3o realizados por uma equipe multidisciplinar composta por advogados, consultores, contadores e auditores, liderados pelo advogado Dr. Diban Habib e Dr. V\u00edtor.\",\"breadcrumb\":{\"@id\":\"https:\/\/www.habibadvogados.com.br\/english\/associated-offices-foreign-consultants\/#breadcrumb\"},\"inLanguage\":\"pt-BR\",\"potentialAction\":[{\"@type\":\"ReadAction\",\"target\":[\"https:\/\/www.habibadvogados.com.br\/english\/associated-offices-foreign-consultants\/\"]}]},{\"@type\":\"BreadcrumbList\",\"@id\":\"https:\/\/www.habibadvogados.com.br\/english\/associated-offices-foreign-consultants\/#breadcrumb\",\"itemListElement\":[{\"@type\":\"ListItem\",\"position\":1,\"name\":\"In\u00edcio\",\"item\":\"https:\/\/www.habibadvogados.com.br\/english\/\"},{\"@type\":\"ListItem\",\"position\":2,\"name\":\"Associated Offices\/Foreign Consultants\"}]},{\"@type\":\"WebSite\",\"@id\":\"https:\/\/www.habibadvogados.com.br\/english\/#website\",\"url\":\"https:\/\/www.habibadvogados.com.br\/english\/\",\"name\":\"Habib Advogados | Advocacia e Consultoria Jur\u00eddica\",\"description\":\"A Habib Advocacia \u00e9 formada por profissionais com experi\u00eancia consolidada em direito tribut\u00e1rio que prestam servi\u00e7os diferenciados pelo grau de especializa\u00e7\u00e3o, com atendimento personalizado e foco no cliente e seus resultados.\",\"publisher\":{\"@id\":\"https:\/\/www.habibadvogados.com.br\/english\/#organization\"},\"potentialAction\":[{\"@type\":\"SearchAction\",\"target\":{\"@type\":\"EntryPoint\",\"urlTemplate\":\"https:\/\/www.habibadvogados.com.br\/english\/?s={search_term_string}\"},\"query-input\":{\"@type\":\"PropertyValueSpecification\",\"valueRequired\":true,\"valueName\":\"search_term_string\"}}],\"inLanguage\":\"pt-BR\"},{\"@type\":\"Organization\",\"@id\":\"https:\/\/www.habibadvogados.com.br\/english\/#organization\",\"name\":\"Habib Advogados\",\"url\":\"https:\/\/www.habibadvogados.com.br\/english\/\",\"logo\":{\"@type\":\"ImageObject\",\"inLanguage\":\"pt-BR\",\"@id\":\"https:\/\/www.habibadvogados.com.br\/english\/#\/schema\/logo\/image\/\",\"url\":\"https:\/\/www.habibadvogados.com.br\/english\/wp-content\/uploads\/2018\/07\/logo_habib_site.png\",\"contentUrl\":\"https:\/\/www.habibadvogados.com.br\/english\/wp-content\/uploads\/2018\/07\/logo_habib_site.png\",\"width\":360,\"height\":260,\"caption\":\"Habib Advogados\"},\"image\":{\"@id\":\"https:\/\/www.habibadvogados.com.br\/english\/#\/schema\/logo\/image\/\"},\"sameAs\":[\"https:\/\/www.linkedin.com\/company\/habibadvogados\/\"]}]}<\/script>\n<!-- \/ Yoast SEO plugin. -->","yoast_head_json":{"title":"Associated Offices\/Foreign Consultants | Habib Advogados | Advocacia e Consultoria Jur\u00eddica","description":"Os processos s\u00e3o realizados por uma equipe multidisciplinar composta por advogados, consultores, contadores e auditores, liderados pelo advogado Dr. Diban Habib e Dr. V\u00edtor.","robots":{"index":"index","follow":"follow","max-snippet":"max-snippet:-1","max-image-preview":"max-image-preview:large","max-video-preview":"max-video-preview:-1"},"canonical":"https:\/\/www.habibadvogados.com.br\/english\/associated-offices-foreign-consultants\/","og_locale":"pt_BR","og_type":"article","og_title":"Associated Offices\/Foreign Consultants | Habib Advogados | Advocacia e Consultoria Jur\u00eddica","og_description":"Os processos s\u00e3o realizados por uma equipe multidisciplinar composta por advogados, consultores, contadores e auditores, liderados pelo advogado Dr. Diban Habib e Dr. V\u00edtor.","og_url":"https:\/\/www.habibadvogados.com.br\/english\/associated-offices-foreign-consultants\/","og_site_name":"Habib Advogados | Advocacia e Consultoria Jur\u00eddica","article_modified_time":"2022-08-23T12:32:07+00:00","twitter_card":"summary_large_image","schema":{"@context":"https:\/\/schema.org","@graph":[{"@type":"WebPage","@id":"https:\/\/www.habibadvogados.com.br\/english\/associated-offices-foreign-consultants\/","url":"https:\/\/www.habibadvogados.com.br\/english\/associated-offices-foreign-consultants\/","name":"Associated Offices\/Foreign Consultants | Habib Advogados | Advocacia e Consultoria Jur\u00eddica","isPartOf":{"@id":"https:\/\/www.habibadvogados.com.br\/english\/#website"},"datePublished":"2022-08-12T19:09:13+00:00","dateModified":"2022-08-23T12:32:07+00:00","description":"Os processos s\u00e3o realizados por uma equipe multidisciplinar composta por advogados, consultores, contadores e auditores, liderados pelo advogado Dr. Diban Habib e Dr. V\u00edtor.","breadcrumb":{"@id":"https:\/\/www.habibadvogados.com.br\/english\/associated-offices-foreign-consultants\/#breadcrumb"},"inLanguage":"pt-BR","potentialAction":[{"@type":"ReadAction","target":["https:\/\/www.habibadvogados.com.br\/english\/associated-offices-foreign-consultants\/"]}]},{"@type":"BreadcrumbList","@id":"https:\/\/www.habibadvogados.com.br\/english\/associated-offices-foreign-consultants\/#breadcrumb","itemListElement":[{"@type":"ListItem","position":1,"name":"In\u00edcio","item":"https:\/\/www.habibadvogados.com.br\/english\/"},{"@type":"ListItem","position":2,"name":"Associated Offices\/Foreign Consultants"}]},{"@type":"WebSite","@id":"https:\/\/www.habibadvogados.com.br\/english\/#website","url":"https:\/\/www.habibadvogados.com.br\/english\/","name":"Habib Advogados | Advocacia e Consultoria Jur\u00eddica","description":"A Habib Advocacia \u00e9 formada por profissionais com experi\u00eancia consolidada em direito tribut\u00e1rio que prestam servi\u00e7os diferenciados pelo grau de especializa\u00e7\u00e3o, com atendimento personalizado e foco no cliente e seus resultados.","publisher":{"@id":"https:\/\/www.habibadvogados.com.br\/english\/#organization"},"potentialAction":[{"@type":"SearchAction","target":{"@type":"EntryPoint","urlTemplate":"https:\/\/www.habibadvogados.com.br\/english\/?s={search_term_string}"},"query-input":{"@type":"PropertyValueSpecification","valueRequired":true,"valueName":"search_term_string"}}],"inLanguage":"pt-BR"},{"@type":"Organization","@id":"https:\/\/www.habibadvogados.com.br\/english\/#organization","name":"Habib Advogados","url":"https:\/\/www.habibadvogados.com.br\/english\/","logo":{"@type":"ImageObject","inLanguage":"pt-BR","@id":"https:\/\/www.habibadvogados.com.br\/english\/#\/schema\/logo\/image\/","url":"https:\/\/www.habibadvogados.com.br\/english\/wp-content\/uploads\/2018\/07\/logo_habib_site.png","contentUrl":"https:\/\/www.habibadvogados.com.br\/english\/wp-content\/uploads\/2018\/07\/logo_habib_site.png","width":360,"height":260,"caption":"Habib Advogados"},"image":{"@id":"https:\/\/www.habibadvogados.com.br\/english\/#\/schema\/logo\/image\/"},"sameAs":["https:\/\/www.linkedin.com\/company\/habibadvogados\/"]}]}},"_links":{"self":[{"href":"https:\/\/www.habibadvogados.com.br\/english\/wp-json\/wp\/v2\/pages\/1020","targetHints":{"allow":["GET"]}}],"collection":[{"href":"https:\/\/www.habibadvogados.com.br\/english\/wp-json\/wp\/v2\/pages"}],"about":[{"href":"https:\/\/www.habibadvogados.com.br\/english\/wp-json\/wp\/v2\/types\/page"}],"author":[{"embeddable":true,"href":"https:\/\/www.habibadvogados.com.br\/english\/wp-json\/wp\/v2\/users\/2"}],"replies":[{"embeddable":true,"href":"https:\/\/www.habibadvogados.com.br\/english\/wp-json\/wp\/v2\/comments?post=1020"}],"version-history":[{"count":5,"href":"https:\/\/www.habibadvogados.com.br\/english\/wp-json\/wp\/v2\/pages\/1020\/revisions"}],"predecessor-version":[{"id":1044,"href":"https:\/\/www.habibadvogados.com.br\/english\/wp-json\/wp\/v2\/pages\/1020\/revisions\/1044"}],"wp:attachment":[{"href":"https:\/\/www.habibadvogados.com.br\/english\/wp-json\/wp\/v2\/media?parent=1020"}],"curies":[{"name":"wp","href":"https:\/\/api.w.org\/{rel}","templated":true}]}}