{"id":335,"date":"2016-11-28T12:39:46","date_gmt":"2016-11-28T14:39:46","guid":{"rendered":"http:\/\/br512.teste.website\/~habiba15\/english\/business-transactions\/"},"modified":"2019-12-26T14:50:10","modified_gmt":"2019-12-26T17:50:10","slug":"tax","status":"publish","type":"page","link":"https:\/\/www.habibadvogados.com.br\/english\/expertise\/tax\/","title":{"rendered":"Tax"},"content":{"rendered":"","protected":false},"excerpt":{"rendered":"","protected":false},"author":1,"featured_media":0,"parent":337,"menu_order":0,"comment_status":"closed","ping_status":"closed","template":"","meta":{"footnotes":""},"class_list":["post-335","page","type-page","status-publish","hentry"],"yoast_head":"<!-- This site is optimized with the Yoast SEO plugin v26.9 - https:\/\/yoast.com\/product\/yoast-seo-wordpress\/ -->\n<title>Tax | Habib Advogados | Advocacia e Consultoria Jur\u00eddica<\/title>\n<meta name=\"description\" content=\"Com alta especializa\u00e7\u00e3o no Direito Tribut\u00e1rio, promovemos an\u00e1lise da situa\u00e7\u00e3o tribut\u00e1ria da empresa com o mapeamento dos riscos, diagn\u00f3stico preventivo, recupera\u00e7\u00e3o de cr\u00e9ditos e administra\u00e7\u00e3o de d\u00e9bitos fiscais, defesas, a\u00e7\u00f5es tribut\u00e1rias e acompanhamento processual.\" \/>\n<meta name=\"robots\" content=\"index, follow, max-snippet:-1, max-image-preview:large, max-video-preview:-1\" \/>\n<link rel=\"canonical\" href=\"https:\/\/www.habibadvogados.com.br\/english\/expertise\/tax\/\" \/>\n<meta property=\"og:locale\" content=\"pt_BR\" \/>\n<meta property=\"og:type\" content=\"article\" \/>\n<meta property=\"og:title\" content=\"Tax | Habib Advogados | Advocacia e Consultoria Jur\u00eddica\" \/>\n<meta property=\"og:description\" content=\"Com alta especializa\u00e7\u00e3o no Direito Tribut\u00e1rio, promovemos an\u00e1lise da situa\u00e7\u00e3o tribut\u00e1ria da empresa com o mapeamento dos riscos, diagn\u00f3stico preventivo, recupera\u00e7\u00e3o de cr\u00e9ditos e administra\u00e7\u00e3o de d\u00e9bitos fiscais, defesas, a\u00e7\u00f5es tribut\u00e1rias e acompanhamento processual.\" \/>\n<meta property=\"og:url\" content=\"https:\/\/www.habibadvogados.com.br\/english\/expertise\/tax\/\" \/>\n<meta property=\"og:site_name\" content=\"Habib Advogados | Advocacia e Consultoria Jur\u00eddica\" \/>\n<meta property=\"article:modified_time\" content=\"2019-12-26T17:50:10+00:00\" \/>\n<meta name=\"twitter:card\" content=\"summary_large_image\" \/>\n<script type=\"application\/ld+json\" class=\"yoast-schema-graph\">{\"@context\":\"https:\/\/schema.org\",\"@graph\":[{\"@type\":\"WebPage\",\"@id\":\"https:\/\/www.habibadvogados.com.br\/english\/expertise\/tax\/\",\"url\":\"https:\/\/www.habibadvogados.com.br\/english\/expertise\/tax\/\",\"name\":\"Tax | Habib Advogados | Advocacia e Consultoria Jur\u00eddica\",\"isPartOf\":{\"@id\":\"https:\/\/www.habibadvogados.com.br\/english\/#website\"},\"datePublished\":\"2016-11-28T14:39:46+00:00\",\"dateModified\":\"2019-12-26T17:50:10+00:00\",\"description\":\"Com alta especializa\u00e7\u00e3o no Direito Tribut\u00e1rio, promovemos an\u00e1lise da situa\u00e7\u00e3o tribut\u00e1ria da empresa com o mapeamento dos riscos, diagn\u00f3stico preventivo, recupera\u00e7\u00e3o de cr\u00e9ditos e administra\u00e7\u00e3o de d\u00e9bitos fiscais, defesas, a\u00e7\u00f5es tribut\u00e1rias e acompanhamento processual.\",\"breadcrumb\":{\"@id\":\"https:\/\/www.habibadvogados.com.br\/english\/expertise\/tax\/#breadcrumb\"},\"inLanguage\":\"pt-BR\",\"potentialAction\":[{\"@type\":\"ReadAction\",\"target\":[\"https:\/\/www.habibadvogados.com.br\/english\/expertise\/tax\/\"]}]},{\"@type\":\"BreadcrumbList\",\"@id\":\"https:\/\/www.habibadvogados.com.br\/english\/expertise\/tax\/#breadcrumb\",\"itemListElement\":[{\"@type\":\"ListItem\",\"position\":1,\"name\":\"In\u00edcio\",\"item\":\"https:\/\/www.habibadvogados.com.br\/english\/\"},{\"@type\":\"ListItem\",\"position\":2,\"name\":\"Expertise\",\"item\":\"https:\/\/www.habibadvogados.com.br\/english\/expertise\/\"},{\"@type\":\"ListItem\",\"position\":3,\"name\":\"Tax\"}]},{\"@type\":\"WebSite\",\"@id\":\"https:\/\/www.habibadvogados.com.br\/english\/#website\",\"url\":\"https:\/\/www.habibadvogados.com.br\/english\/\",\"name\":\"Habib Advogados | Advocacia e Consultoria Jur\u00eddica\",\"description\":\"A Habib Advocacia \u00e9 formada por profissionais com experi\u00eancia consolidada em direito tribut\u00e1rio que prestam servi\u00e7os diferenciados pelo grau de especializa\u00e7\u00e3o, com atendimento personalizado e foco no cliente e seus resultados.\",\"publisher\":{\"@id\":\"https:\/\/www.habibadvogados.com.br\/english\/#organization\"},\"potentialAction\":[{\"@type\":\"SearchAction\",\"target\":{\"@type\":\"EntryPoint\",\"urlTemplate\":\"https:\/\/www.habibadvogados.com.br\/english\/?s={search_term_string}\"},\"query-input\":{\"@type\":\"PropertyValueSpecification\",\"valueRequired\":true,\"valueName\":\"search_term_string\"}}],\"inLanguage\":\"pt-BR\"},{\"@type\":\"Organization\",\"@id\":\"https:\/\/www.habibadvogados.com.br\/english\/#organization\",\"name\":\"Habib Advogados\",\"url\":\"https:\/\/www.habibadvogados.com.br\/english\/\",\"logo\":{\"@type\":\"ImageObject\",\"inLanguage\":\"pt-BR\",\"@id\":\"https:\/\/www.habibadvogados.com.br\/english\/#\/schema\/logo\/image\/\",\"url\":\"https:\/\/www.habibadvogados.com.br\/english\/wp-content\/uploads\/2018\/07\/logo_habib_site.png\",\"contentUrl\":\"https:\/\/www.habibadvogados.com.br\/english\/wp-content\/uploads\/2018\/07\/logo_habib_site.png\",\"width\":360,\"height\":260,\"caption\":\"Habib Advogados\"},\"image\":{\"@id\":\"https:\/\/www.habibadvogados.com.br\/english\/#\/schema\/logo\/image\/\"},\"sameAs\":[\"https:\/\/www.linkedin.com\/company\/habibadvogados\/\"]}]}<\/script>\n<!-- \/ Yoast SEO plugin. -->","yoast_head_json":{"title":"Tax | Habib Advogados | Advocacia e Consultoria Jur\u00eddica","description":"Com alta especializa\u00e7\u00e3o no Direito Tribut\u00e1rio, promovemos an\u00e1lise da situa\u00e7\u00e3o tribut\u00e1ria da empresa com o mapeamento dos riscos, diagn\u00f3stico preventivo, recupera\u00e7\u00e3o de cr\u00e9ditos e administra\u00e7\u00e3o de d\u00e9bitos fiscais, defesas, a\u00e7\u00f5es tribut\u00e1rias e acompanhamento processual.","robots":{"index":"index","follow":"follow","max-snippet":"max-snippet:-1","max-image-preview":"max-image-preview:large","max-video-preview":"max-video-preview:-1"},"canonical":"https:\/\/www.habibadvogados.com.br\/english\/expertise\/tax\/","og_locale":"pt_BR","og_type":"article","og_title":"Tax | Habib Advogados | Advocacia e Consultoria Jur\u00eddica","og_description":"Com alta especializa\u00e7\u00e3o no Direito Tribut\u00e1rio, promovemos an\u00e1lise da situa\u00e7\u00e3o tribut\u00e1ria da empresa com o mapeamento dos riscos, diagn\u00f3stico preventivo, recupera\u00e7\u00e3o de cr\u00e9ditos e administra\u00e7\u00e3o de d\u00e9bitos fiscais, defesas, a\u00e7\u00f5es tribut\u00e1rias e acompanhamento processual.","og_url":"https:\/\/www.habibadvogados.com.br\/english\/expertise\/tax\/","og_site_name":"Habib Advogados | Advocacia e Consultoria Jur\u00eddica","article_modified_time":"2019-12-26T17:50:10+00:00","twitter_card":"summary_large_image","schema":{"@context":"https:\/\/schema.org","@graph":[{"@type":"WebPage","@id":"https:\/\/www.habibadvogados.com.br\/english\/expertise\/tax\/","url":"https:\/\/www.habibadvogados.com.br\/english\/expertise\/tax\/","name":"Tax | Habib Advogados | Advocacia e Consultoria Jur\u00eddica","isPartOf":{"@id":"https:\/\/www.habibadvogados.com.br\/english\/#website"},"datePublished":"2016-11-28T14:39:46+00:00","dateModified":"2019-12-26T17:50:10+00:00","description":"Com alta especializa\u00e7\u00e3o no Direito Tribut\u00e1rio, promovemos an\u00e1lise da situa\u00e7\u00e3o tribut\u00e1ria da empresa com o mapeamento dos riscos, diagn\u00f3stico preventivo, recupera\u00e7\u00e3o de cr\u00e9ditos e administra\u00e7\u00e3o de d\u00e9bitos fiscais, defesas, a\u00e7\u00f5es tribut\u00e1rias e acompanhamento processual.","breadcrumb":{"@id":"https:\/\/www.habibadvogados.com.br\/english\/expertise\/tax\/#breadcrumb"},"inLanguage":"pt-BR","potentialAction":[{"@type":"ReadAction","target":["https:\/\/www.habibadvogados.com.br\/english\/expertise\/tax\/"]}]},{"@type":"BreadcrumbList","@id":"https:\/\/www.habibadvogados.com.br\/english\/expertise\/tax\/#breadcrumb","itemListElement":[{"@type":"ListItem","position":1,"name":"In\u00edcio","item":"https:\/\/www.habibadvogados.com.br\/english\/"},{"@type":"ListItem","position":2,"name":"Expertise","item":"https:\/\/www.habibadvogados.com.br\/english\/expertise\/"},{"@type":"ListItem","position":3,"name":"Tax"}]},{"@type":"WebSite","@id":"https:\/\/www.habibadvogados.com.br\/english\/#website","url":"https:\/\/www.habibadvogados.com.br\/english\/","name":"Habib Advogados | Advocacia e Consultoria Jur\u00eddica","description":"A Habib Advocacia \u00e9 formada por profissionais com experi\u00eancia consolidada em direito tribut\u00e1rio que prestam servi\u00e7os diferenciados pelo grau de especializa\u00e7\u00e3o, com atendimento personalizado e foco no cliente e seus resultados.","publisher":{"@id":"https:\/\/www.habibadvogados.com.br\/english\/#organization"},"potentialAction":[{"@type":"SearchAction","target":{"@type":"EntryPoint","urlTemplate":"https:\/\/www.habibadvogados.com.br\/english\/?s={search_term_string}"},"query-input":{"@type":"PropertyValueSpecification","valueRequired":true,"valueName":"search_term_string"}}],"inLanguage":"pt-BR"},{"@type":"Organization","@id":"https:\/\/www.habibadvogados.com.br\/english\/#organization","name":"Habib Advogados","url":"https:\/\/www.habibadvogados.com.br\/english\/","logo":{"@type":"ImageObject","inLanguage":"pt-BR","@id":"https:\/\/www.habibadvogados.com.br\/english\/#\/schema\/logo\/image\/","url":"https:\/\/www.habibadvogados.com.br\/english\/wp-content\/uploads\/2018\/07\/logo_habib_site.png","contentUrl":"https:\/\/www.habibadvogados.com.br\/english\/wp-content\/uploads\/2018\/07\/logo_habib_site.png","width":360,"height":260,"caption":"Habib Advogados"},"image":{"@id":"https:\/\/www.habibadvogados.com.br\/english\/#\/schema\/logo\/image\/"},"sameAs":["https:\/\/www.linkedin.com\/company\/habibadvogados\/"]}]}},"_links":{"self":[{"href":"https:\/\/www.habibadvogados.com.br\/english\/wp-json\/wp\/v2\/pages\/335","targetHints":{"allow":["GET"]}}],"collection":[{"href":"https:\/\/www.habibadvogados.com.br\/english\/wp-json\/wp\/v2\/pages"}],"about":[{"href":"https:\/\/www.habibadvogados.com.br\/english\/wp-json\/wp\/v2\/types\/page"}],"author":[{"embeddable":true,"href":"https:\/\/www.habibadvogados.com.br\/english\/wp-json\/wp\/v2\/users\/1"}],"replies":[{"embeddable":true,"href":"https:\/\/www.habibadvogados.com.br\/english\/wp-json\/wp\/v2\/comments?post=335"}],"version-history":[{"count":6,"href":"https:\/\/www.habibadvogados.com.br\/english\/wp-json\/wp\/v2\/pages\/335\/revisions"}],"predecessor-version":[{"id":935,"href":"https:\/\/www.habibadvogados.com.br\/english\/wp-json\/wp\/v2\/pages\/335\/revisions\/935"}],"up":[{"embeddable":true,"href":"https:\/\/www.habibadvogados.com.br\/english\/wp-json\/wp\/v2\/pages\/337"}],"wp:attachment":[{"href":"https:\/\/www.habibadvogados.com.br\/english\/wp-json\/wp\/v2\/media?parent=335"}],"curies":[{"name":"wp","href":"https:\/\/api.w.org\/{rel}","templated":true}]}}