{"id":569,"date":"2018-12-11T13:52:18","date_gmt":"2018-12-11T15:52:18","guid":{"rendered":"http:\/\/br512.teste.website\/~habiba15\/english\/?page_id=569"},"modified":"2019-12-26T14:48:57","modified_gmt":"2019-12-26T17:48:57","slug":"social-security","status":"publish","type":"page","link":"https:\/\/www.habibadvogados.com.br\/english\/expertise\/social-security\/","title":{"rendered":"Social Security"},"content":{"rendered":"","protected":false},"excerpt":{"rendered":"","protected":false},"author":1,"featured_media":0,"parent":337,"menu_order":0,"comment_status":"closed","ping_status":"closed","template":"","meta":{"footnotes":""},"class_list":["post-569","page","type-page","status-publish","hentry"],"yoast_head":"<!-- This site is optimized with the Yoast SEO plugin v26.9 - https:\/\/yoast.com\/product\/yoast-seo-wordpress\/ -->\n<title>Social Security | Habib Advogados | Advocacia e Consultoria Jur\u00eddica<\/title>\n<meta name=\"description\" content=\"Desaposenta\u00e7\u00e3o, queda do fator previdenci\u00e1rio, aposentadoria por invalidez e aux\u00edlio doen\u00e7a, revis\u00e3o de benef\u00edcios previdenci\u00e1rios em raz\u00e3o de erro de c\u00e1lculos, aposentadoria por idade, pens\u00e3o por morte, aposentadoria especial, aposentadoria com averba\u00e7\u00e3o de servi\u00e7o urbano, aposentadoria com averba\u00e7\u00e3o de servi\u00e7o rural, benef\u00edcio assistencial, aux\u00edlio doen\u00e7a acident\u00e1rio e aux\u00edlio acidente.\" \/>\n<meta name=\"robots\" content=\"index, follow, max-snippet:-1, max-image-preview:large, max-video-preview:-1\" \/>\n<link rel=\"canonical\" href=\"https:\/\/www.habibadvogados.com.br\/english\/expertise\/social-security\/\" \/>\n<meta property=\"og:locale\" content=\"pt_BR\" \/>\n<meta property=\"og:type\" content=\"article\" \/>\n<meta property=\"og:title\" content=\"Social Security | Habib Advogados | Advocacia e Consultoria Jur\u00eddica\" \/>\n<meta property=\"og:description\" content=\"Desaposenta\u00e7\u00e3o, queda do fator previdenci\u00e1rio, aposentadoria por invalidez e aux\u00edlio doen\u00e7a, revis\u00e3o de benef\u00edcios previdenci\u00e1rios em raz\u00e3o de erro de c\u00e1lculos, aposentadoria por idade, pens\u00e3o por morte, aposentadoria especial, aposentadoria com averba\u00e7\u00e3o de servi\u00e7o urbano, aposentadoria com averba\u00e7\u00e3o de servi\u00e7o rural, benef\u00edcio assistencial, aux\u00edlio doen\u00e7a acident\u00e1rio e aux\u00edlio acidente.\" \/>\n<meta property=\"og:url\" content=\"https:\/\/www.habibadvogados.com.br\/english\/expertise\/social-security\/\" \/>\n<meta property=\"og:site_name\" content=\"Habib Advogados | Advocacia e Consultoria Jur\u00eddica\" \/>\n<meta property=\"article:modified_time\" content=\"2019-12-26T17:48:57+00:00\" \/>\n<meta name=\"twitter:card\" content=\"summary_large_image\" \/>\n<script type=\"application\/ld+json\" class=\"yoast-schema-graph\">{\"@context\":\"https:\/\/schema.org\",\"@graph\":[{\"@type\":\"WebPage\",\"@id\":\"https:\/\/www.habibadvogados.com.br\/english\/expertise\/social-security\/\",\"url\":\"https:\/\/www.habibadvogados.com.br\/english\/expertise\/social-security\/\",\"name\":\"Social Security | Habib Advogados | Advocacia e Consultoria Jur\u00eddica\",\"isPartOf\":{\"@id\":\"https:\/\/www.habibadvogados.com.br\/english\/#website\"},\"datePublished\":\"2018-12-11T15:52:18+00:00\",\"dateModified\":\"2019-12-26T17:48:57+00:00\",\"description\":\"Desaposenta\u00e7\u00e3o, queda do fator previdenci\u00e1rio, aposentadoria por invalidez e aux\u00edlio doen\u00e7a, revis\u00e3o de benef\u00edcios previdenci\u00e1rios em raz\u00e3o de erro de c\u00e1lculos, aposentadoria por idade, pens\u00e3o por morte, aposentadoria especial, aposentadoria com averba\u00e7\u00e3o de servi\u00e7o urbano, aposentadoria com averba\u00e7\u00e3o de servi\u00e7o rural, benef\u00edcio assistencial, aux\u00edlio doen\u00e7a acident\u00e1rio e aux\u00edlio acidente.\",\"breadcrumb\":{\"@id\":\"https:\/\/www.habibadvogados.com.br\/english\/expertise\/social-security\/#breadcrumb\"},\"inLanguage\":\"pt-BR\",\"potentialAction\":[{\"@type\":\"ReadAction\",\"target\":[\"https:\/\/www.habibadvogados.com.br\/english\/expertise\/social-security\/\"]}]},{\"@type\":\"BreadcrumbList\",\"@id\":\"https:\/\/www.habibadvogados.com.br\/english\/expertise\/social-security\/#breadcrumb\",\"itemListElement\":[{\"@type\":\"ListItem\",\"position\":1,\"name\":\"In\u00edcio\",\"item\":\"https:\/\/www.habibadvogados.com.br\/english\/\"},{\"@type\":\"ListItem\",\"position\":2,\"name\":\"Expertise\",\"item\":\"https:\/\/www.habibadvogados.com.br\/english\/expertise\/\"},{\"@type\":\"ListItem\",\"position\":3,\"name\":\"Social Security\"}]},{\"@type\":\"WebSite\",\"@id\":\"https:\/\/www.habibadvogados.com.br\/english\/#website\",\"url\":\"https:\/\/www.habibadvogados.com.br\/english\/\",\"name\":\"Habib Advogados | Advocacia e Consultoria Jur\u00eddica\",\"description\":\"A Habib Advocacia \u00e9 formada por profissionais com experi\u00eancia consolidada em direito tribut\u00e1rio que prestam servi\u00e7os diferenciados pelo grau de especializa\u00e7\u00e3o, com atendimento personalizado e foco no cliente e seus resultados.\",\"publisher\":{\"@id\":\"https:\/\/www.habibadvogados.com.br\/english\/#organization\"},\"potentialAction\":[{\"@type\":\"SearchAction\",\"target\":{\"@type\":\"EntryPoint\",\"urlTemplate\":\"https:\/\/www.habibadvogados.com.br\/english\/?s={search_term_string}\"},\"query-input\":{\"@type\":\"PropertyValueSpecification\",\"valueRequired\":true,\"valueName\":\"search_term_string\"}}],\"inLanguage\":\"pt-BR\"},{\"@type\":\"Organization\",\"@id\":\"https:\/\/www.habibadvogados.com.br\/english\/#organization\",\"name\":\"Habib Advogados\",\"url\":\"https:\/\/www.habibadvogados.com.br\/english\/\",\"logo\":{\"@type\":\"ImageObject\",\"inLanguage\":\"pt-BR\",\"@id\":\"https:\/\/www.habibadvogados.com.br\/english\/#\/schema\/logo\/image\/\",\"url\":\"https:\/\/www.habibadvogados.com.br\/english\/wp-content\/uploads\/2018\/07\/logo_habib_site.png\",\"contentUrl\":\"https:\/\/www.habibadvogados.com.br\/english\/wp-content\/uploads\/2018\/07\/logo_habib_site.png\",\"width\":360,\"height\":260,\"caption\":\"Habib Advogados\"},\"image\":{\"@id\":\"https:\/\/www.habibadvogados.com.br\/english\/#\/schema\/logo\/image\/\"},\"sameAs\":[\"https:\/\/www.linkedin.com\/company\/habibadvogados\/\"]}]}<\/script>\n<!-- \/ Yoast SEO plugin. -->","yoast_head_json":{"title":"Social Security | Habib Advogados | Advocacia e Consultoria Jur\u00eddica","description":"Desaposenta\u00e7\u00e3o, queda do fator previdenci\u00e1rio, aposentadoria por invalidez e aux\u00edlio doen\u00e7a, revis\u00e3o de benef\u00edcios previdenci\u00e1rios em raz\u00e3o de erro de c\u00e1lculos, aposentadoria por idade, pens\u00e3o por morte, aposentadoria especial, aposentadoria com averba\u00e7\u00e3o de servi\u00e7o urbano, aposentadoria com averba\u00e7\u00e3o de servi\u00e7o rural, benef\u00edcio assistencial, aux\u00edlio doen\u00e7a acident\u00e1rio e aux\u00edlio acidente.","robots":{"index":"index","follow":"follow","max-snippet":"max-snippet:-1","max-image-preview":"max-image-preview:large","max-video-preview":"max-video-preview:-1"},"canonical":"https:\/\/www.habibadvogados.com.br\/english\/expertise\/social-security\/","og_locale":"pt_BR","og_type":"article","og_title":"Social Security | Habib Advogados | Advocacia e Consultoria Jur\u00eddica","og_description":"Desaposenta\u00e7\u00e3o, queda do fator previdenci\u00e1rio, aposentadoria por invalidez e aux\u00edlio doen\u00e7a, revis\u00e3o de benef\u00edcios previdenci\u00e1rios em raz\u00e3o de erro de c\u00e1lculos, aposentadoria por idade, pens\u00e3o por morte, aposentadoria especial, aposentadoria com averba\u00e7\u00e3o de servi\u00e7o urbano, aposentadoria com averba\u00e7\u00e3o de servi\u00e7o rural, benef\u00edcio assistencial, aux\u00edlio doen\u00e7a acident\u00e1rio e aux\u00edlio acidente.","og_url":"https:\/\/www.habibadvogados.com.br\/english\/expertise\/social-security\/","og_site_name":"Habib Advogados | Advocacia e Consultoria Jur\u00eddica","article_modified_time":"2019-12-26T17:48:57+00:00","twitter_card":"summary_large_image","schema":{"@context":"https:\/\/schema.org","@graph":[{"@type":"WebPage","@id":"https:\/\/www.habibadvogados.com.br\/english\/expertise\/social-security\/","url":"https:\/\/www.habibadvogados.com.br\/english\/expertise\/social-security\/","name":"Social Security | Habib Advogados | Advocacia e Consultoria Jur\u00eddica","isPartOf":{"@id":"https:\/\/www.habibadvogados.com.br\/english\/#website"},"datePublished":"2018-12-11T15:52:18+00:00","dateModified":"2019-12-26T17:48:57+00:00","description":"Desaposenta\u00e7\u00e3o, queda do fator previdenci\u00e1rio, aposentadoria por invalidez e aux\u00edlio doen\u00e7a, revis\u00e3o de benef\u00edcios previdenci\u00e1rios em raz\u00e3o de erro de c\u00e1lculos, aposentadoria por idade, pens\u00e3o por morte, aposentadoria especial, aposentadoria com averba\u00e7\u00e3o de servi\u00e7o urbano, aposentadoria com averba\u00e7\u00e3o de servi\u00e7o rural, benef\u00edcio assistencial, aux\u00edlio doen\u00e7a acident\u00e1rio e aux\u00edlio acidente.","breadcrumb":{"@id":"https:\/\/www.habibadvogados.com.br\/english\/expertise\/social-security\/#breadcrumb"},"inLanguage":"pt-BR","potentialAction":[{"@type":"ReadAction","target":["https:\/\/www.habibadvogados.com.br\/english\/expertise\/social-security\/"]}]},{"@type":"BreadcrumbList","@id":"https:\/\/www.habibadvogados.com.br\/english\/expertise\/social-security\/#breadcrumb","itemListElement":[{"@type":"ListItem","position":1,"name":"In\u00edcio","item":"https:\/\/www.habibadvogados.com.br\/english\/"},{"@type":"ListItem","position":2,"name":"Expertise","item":"https:\/\/www.habibadvogados.com.br\/english\/expertise\/"},{"@type":"ListItem","position":3,"name":"Social Security"}]},{"@type":"WebSite","@id":"https:\/\/www.habibadvogados.com.br\/english\/#website","url":"https:\/\/www.habibadvogados.com.br\/english\/","name":"Habib Advogados | Advocacia e Consultoria Jur\u00eddica","description":"A Habib Advocacia \u00e9 formada por profissionais com experi\u00eancia consolidada em direito tribut\u00e1rio que prestam servi\u00e7os diferenciados pelo grau de especializa\u00e7\u00e3o, com atendimento personalizado e foco no cliente e seus resultados.","publisher":{"@id":"https:\/\/www.habibadvogados.com.br\/english\/#organization"},"potentialAction":[{"@type":"SearchAction","target":{"@type":"EntryPoint","urlTemplate":"https:\/\/www.habibadvogados.com.br\/english\/?s={search_term_string}"},"query-input":{"@type":"PropertyValueSpecification","valueRequired":true,"valueName":"search_term_string"}}],"inLanguage":"pt-BR"},{"@type":"Organization","@id":"https:\/\/www.habibadvogados.com.br\/english\/#organization","name":"Habib Advogados","url":"https:\/\/www.habibadvogados.com.br\/english\/","logo":{"@type":"ImageObject","inLanguage":"pt-BR","@id":"https:\/\/www.habibadvogados.com.br\/english\/#\/schema\/logo\/image\/","url":"https:\/\/www.habibadvogados.com.br\/english\/wp-content\/uploads\/2018\/07\/logo_habib_site.png","contentUrl":"https:\/\/www.habibadvogados.com.br\/english\/wp-content\/uploads\/2018\/07\/logo_habib_site.png","width":360,"height":260,"caption":"Habib Advogados"},"image":{"@id":"https:\/\/www.habibadvogados.com.br\/english\/#\/schema\/logo\/image\/"},"sameAs":["https:\/\/www.linkedin.com\/company\/habibadvogados\/"]}]}},"_links":{"self":[{"href":"https:\/\/www.habibadvogados.com.br\/english\/wp-json\/wp\/v2\/pages\/569","targetHints":{"allow":["GET"]}}],"collection":[{"href":"https:\/\/www.habibadvogados.com.br\/english\/wp-json\/wp\/v2\/pages"}],"about":[{"href":"https:\/\/www.habibadvogados.com.br\/english\/wp-json\/wp\/v2\/types\/page"}],"author":[{"embeddable":true,"href":"https:\/\/www.habibadvogados.com.br\/english\/wp-json\/wp\/v2\/users\/1"}],"replies":[{"embeddable":true,"href":"https:\/\/www.habibadvogados.com.br\/english\/wp-json\/wp\/v2\/comments?post=569"}],"version-history":[{"count":4,"href":"https:\/\/www.habibadvogados.com.br\/english\/wp-json\/wp\/v2\/pages\/569\/revisions"}],"predecessor-version":[{"id":929,"href":"https:\/\/www.habibadvogados.com.br\/english\/wp-json\/wp\/v2\/pages\/569\/revisions\/929"}],"up":[{"embeddable":true,"href":"https:\/\/www.habibadvogados.com.br\/english\/wp-json\/wp\/v2\/pages\/337"}],"wp:attachment":[{"href":"https:\/\/www.habibadvogados.com.br\/english\/wp-json\/wp\/v2\/media?parent=569"}],"curies":[{"name":"wp","href":"https:\/\/api.w.org\/{rel}","templated":true}]}}