{"id":578,"date":"2018-12-11T13:59:22","date_gmt":"2018-12-11T15:59:22","guid":{"rendered":"http:\/\/br512.teste.website\/~habiba15\/english\/?page_id=578"},"modified":"2019-12-26T14:50:03","modified_gmt":"2019-12-26T17:50:03","slug":"labor","status":"publish","type":"page","link":"https:\/\/www.habibadvogados.com.br\/english\/expertise\/labor\/","title":{"rendered":"Labor"},"content":{"rendered":"","protected":false},"excerpt":{"rendered":"","protected":false},"author":1,"featured_media":0,"parent":337,"menu_order":0,"comment_status":"closed","ping_status":"closed","template":"","meta":{"footnotes":""},"class_list":["post-578","page","type-page","status-publish","hentry"],"yoast_head":"<!-- This site is optimized with the Yoast SEO plugin v26.9 - https:\/\/yoast.com\/product\/yoast-seo-wordpress\/ -->\n<title>Labor | Habib Advogados | Advocacia e Consultoria Jur\u00eddica<\/title>\n<meta name=\"description\" content=\"Direitos do Empregado e do Empregador;Contratos de trabalho, f\u00e9rias, 13\u00ba sal\u00e1rio, FGTS, INSS, horas extras, conven\u00e7\u00e3o coletiva de trabalho, jornada de trabalho, CCP \u2013 comiss\u00e3o de concilia\u00e7\u00e3o pr\u00e9via, acordos trabalhistas, verbas indenizat\u00f3rias, PLR \u2013 participa\u00e7\u00e3o nos lucros e resultados, folha de pagamento, dispensa e admiss\u00e3o de funcion\u00e1rios, cooperativas de trabalho, v\u00ednculo empregat\u00edcio, ass\u00e9dio moral e sexual, sindicatos e terceiriza\u00e7\u00e3o;Ingresso de a\u00e7\u00f5es trabalhistas e defesa, orienta\u00e7\u00e3o na contrata\u00e7\u00e3o e admiss\u00e3o de empregados, participa\u00e7\u00e3o nas negocia\u00e7\u00f5es coletivas, contratos e auditorias;\" \/>\n<meta name=\"robots\" content=\"index, follow, max-snippet:-1, max-image-preview:large, max-video-preview:-1\" \/>\n<link rel=\"canonical\" href=\"https:\/\/www.habibadvogados.com.br\/english\/expertise\/labor\/\" \/>\n<meta property=\"og:locale\" content=\"pt_BR\" \/>\n<meta property=\"og:type\" content=\"article\" \/>\n<meta property=\"og:title\" content=\"Labor | Habib Advogados | Advocacia e Consultoria Jur\u00eddica\" \/>\n<meta property=\"og:description\" content=\"Direitos do Empregado e do Empregador;Contratos de trabalho, f\u00e9rias, 13\u00ba sal\u00e1rio, FGTS, INSS, horas extras, conven\u00e7\u00e3o coletiva de trabalho, jornada de trabalho, CCP \u2013 comiss\u00e3o de concilia\u00e7\u00e3o pr\u00e9via, acordos trabalhistas, verbas indenizat\u00f3rias, PLR \u2013 participa\u00e7\u00e3o nos lucros e resultados, folha de pagamento, dispensa e admiss\u00e3o de funcion\u00e1rios, cooperativas de trabalho, v\u00ednculo empregat\u00edcio, ass\u00e9dio moral e sexual, sindicatos e terceiriza\u00e7\u00e3o;Ingresso de a\u00e7\u00f5es trabalhistas e defesa, orienta\u00e7\u00e3o na contrata\u00e7\u00e3o e admiss\u00e3o de empregados, participa\u00e7\u00e3o nas negocia\u00e7\u00f5es coletivas, contratos e auditorias;\" \/>\n<meta property=\"og:url\" content=\"https:\/\/www.habibadvogados.com.br\/english\/expertise\/labor\/\" \/>\n<meta property=\"og:site_name\" content=\"Habib Advogados | Advocacia e Consultoria Jur\u00eddica\" \/>\n<meta property=\"article:modified_time\" content=\"2019-12-26T17:50:03+00:00\" \/>\n<meta name=\"twitter:card\" content=\"summary_large_image\" \/>\n<script type=\"application\/ld+json\" class=\"yoast-schema-graph\">{\"@context\":\"https:\/\/schema.org\",\"@graph\":[{\"@type\":\"WebPage\",\"@id\":\"https:\/\/www.habibadvogados.com.br\/english\/expertise\/labor\/\",\"url\":\"https:\/\/www.habibadvogados.com.br\/english\/expertise\/labor\/\",\"name\":\"Labor | Habib Advogados | Advocacia e Consultoria Jur\u00eddica\",\"isPartOf\":{\"@id\":\"https:\/\/www.habibadvogados.com.br\/english\/#website\"},\"datePublished\":\"2018-12-11T15:59:22+00:00\",\"dateModified\":\"2019-12-26T17:50:03+00:00\",\"description\":\"Direitos do Empregado e do Empregador;Contratos de trabalho, f\u00e9rias, 13\u00ba sal\u00e1rio, FGTS, INSS, horas extras, conven\u00e7\u00e3o coletiva de trabalho, jornada de trabalho, CCP \u2013 comiss\u00e3o de concilia\u00e7\u00e3o pr\u00e9via, acordos trabalhistas, verbas indenizat\u00f3rias, PLR \u2013 participa\u00e7\u00e3o nos lucros e resultados, folha de pagamento, dispensa e admiss\u00e3o de funcion\u00e1rios, cooperativas de trabalho, v\u00ednculo empregat\u00edcio, ass\u00e9dio moral e sexual, sindicatos e terceiriza\u00e7\u00e3o;Ingresso de a\u00e7\u00f5es trabalhistas e defesa, orienta\u00e7\u00e3o na contrata\u00e7\u00e3o e admiss\u00e3o de empregados, participa\u00e7\u00e3o nas negocia\u00e7\u00f5es coletivas, contratos e auditorias;\",\"breadcrumb\":{\"@id\":\"https:\/\/www.habibadvogados.com.br\/english\/expertise\/labor\/#breadcrumb\"},\"inLanguage\":\"pt-BR\",\"potentialAction\":[{\"@type\":\"ReadAction\",\"target\":[\"https:\/\/www.habibadvogados.com.br\/english\/expertise\/labor\/\"]}]},{\"@type\":\"BreadcrumbList\",\"@id\":\"https:\/\/www.habibadvogados.com.br\/english\/expertise\/labor\/#breadcrumb\",\"itemListElement\":[{\"@type\":\"ListItem\",\"position\":1,\"name\":\"In\u00edcio\",\"item\":\"https:\/\/www.habibadvogados.com.br\/english\/\"},{\"@type\":\"ListItem\",\"position\":2,\"name\":\"Expertise\",\"item\":\"https:\/\/www.habibadvogados.com.br\/english\/expertise\/\"},{\"@type\":\"ListItem\",\"position\":3,\"name\":\"Labor\"}]},{\"@type\":\"WebSite\",\"@id\":\"https:\/\/www.habibadvogados.com.br\/english\/#website\",\"url\":\"https:\/\/www.habibadvogados.com.br\/english\/\",\"name\":\"Habib Advogados | Advocacia e Consultoria Jur\u00eddica\",\"description\":\"A Habib Advocacia \u00e9 formada por profissionais com experi\u00eancia consolidada em direito tribut\u00e1rio que prestam servi\u00e7os diferenciados pelo grau de especializa\u00e7\u00e3o, com atendimento personalizado e foco no cliente e seus resultados.\",\"publisher\":{\"@id\":\"https:\/\/www.habibadvogados.com.br\/english\/#organization\"},\"potentialAction\":[{\"@type\":\"SearchAction\",\"target\":{\"@type\":\"EntryPoint\",\"urlTemplate\":\"https:\/\/www.habibadvogados.com.br\/english\/?s={search_term_string}\"},\"query-input\":{\"@type\":\"PropertyValueSpecification\",\"valueRequired\":true,\"valueName\":\"search_term_string\"}}],\"inLanguage\":\"pt-BR\"},{\"@type\":\"Organization\",\"@id\":\"https:\/\/www.habibadvogados.com.br\/english\/#organization\",\"name\":\"Habib Advogados\",\"url\":\"https:\/\/www.habibadvogados.com.br\/english\/\",\"logo\":{\"@type\":\"ImageObject\",\"inLanguage\":\"pt-BR\",\"@id\":\"https:\/\/www.habibadvogados.com.br\/english\/#\/schema\/logo\/image\/\",\"url\":\"https:\/\/www.habibadvogados.com.br\/english\/wp-content\/uploads\/2018\/07\/logo_habib_site.png\",\"contentUrl\":\"https:\/\/www.habibadvogados.com.br\/english\/wp-content\/uploads\/2018\/07\/logo_habib_site.png\",\"width\":360,\"height\":260,\"caption\":\"Habib Advogados\"},\"image\":{\"@id\":\"https:\/\/www.habibadvogados.com.br\/english\/#\/schema\/logo\/image\/\"},\"sameAs\":[\"https:\/\/www.linkedin.com\/company\/habibadvogados\/\"]}]}<\/script>\n<!-- \/ Yoast SEO plugin. -->","yoast_head_json":{"title":"Labor | Habib Advogados | Advocacia e Consultoria Jur\u00eddica","description":"Direitos do Empregado e do Empregador;Contratos de trabalho, f\u00e9rias, 13\u00ba sal\u00e1rio, FGTS, INSS, horas extras, conven\u00e7\u00e3o coletiva de trabalho, jornada de trabalho, CCP \u2013 comiss\u00e3o de concilia\u00e7\u00e3o pr\u00e9via, acordos trabalhistas, verbas indenizat\u00f3rias, PLR \u2013 participa\u00e7\u00e3o nos lucros e resultados, folha de pagamento, dispensa e admiss\u00e3o de funcion\u00e1rios, cooperativas de trabalho, v\u00ednculo empregat\u00edcio, ass\u00e9dio moral e sexual, sindicatos e terceiriza\u00e7\u00e3o;Ingresso de a\u00e7\u00f5es trabalhistas e defesa, orienta\u00e7\u00e3o na contrata\u00e7\u00e3o e admiss\u00e3o de empregados, participa\u00e7\u00e3o nas negocia\u00e7\u00f5es coletivas, contratos e auditorias;","robots":{"index":"index","follow":"follow","max-snippet":"max-snippet:-1","max-image-preview":"max-image-preview:large","max-video-preview":"max-video-preview:-1"},"canonical":"https:\/\/www.habibadvogados.com.br\/english\/expertise\/labor\/","og_locale":"pt_BR","og_type":"article","og_title":"Labor | Habib Advogados | Advocacia e Consultoria Jur\u00eddica","og_description":"Direitos do Empregado e do Empregador;Contratos de trabalho, f\u00e9rias, 13\u00ba sal\u00e1rio, FGTS, INSS, horas extras, conven\u00e7\u00e3o coletiva de trabalho, jornada de trabalho, CCP \u2013 comiss\u00e3o de concilia\u00e7\u00e3o pr\u00e9via, acordos trabalhistas, verbas indenizat\u00f3rias, PLR \u2013 participa\u00e7\u00e3o nos lucros e resultados, folha de pagamento, dispensa e admiss\u00e3o de funcion\u00e1rios, cooperativas de trabalho, v\u00ednculo empregat\u00edcio, ass\u00e9dio moral e sexual, sindicatos e terceiriza\u00e7\u00e3o;Ingresso de a\u00e7\u00f5es trabalhistas e defesa, orienta\u00e7\u00e3o na contrata\u00e7\u00e3o e admiss\u00e3o de empregados, participa\u00e7\u00e3o nas negocia\u00e7\u00f5es coletivas, contratos e auditorias;","og_url":"https:\/\/www.habibadvogados.com.br\/english\/expertise\/labor\/","og_site_name":"Habib Advogados | Advocacia e Consultoria Jur\u00eddica","article_modified_time":"2019-12-26T17:50:03+00:00","twitter_card":"summary_large_image","schema":{"@context":"https:\/\/schema.org","@graph":[{"@type":"WebPage","@id":"https:\/\/www.habibadvogados.com.br\/english\/expertise\/labor\/","url":"https:\/\/www.habibadvogados.com.br\/english\/expertise\/labor\/","name":"Labor | Habib Advogados | Advocacia e Consultoria Jur\u00eddica","isPartOf":{"@id":"https:\/\/www.habibadvogados.com.br\/english\/#website"},"datePublished":"2018-12-11T15:59:22+00:00","dateModified":"2019-12-26T17:50:03+00:00","description":"Direitos do Empregado e do Empregador;Contratos de trabalho, f\u00e9rias, 13\u00ba sal\u00e1rio, FGTS, INSS, horas extras, conven\u00e7\u00e3o coletiva de trabalho, jornada de trabalho, CCP \u2013 comiss\u00e3o de concilia\u00e7\u00e3o pr\u00e9via, acordos trabalhistas, verbas indenizat\u00f3rias, PLR \u2013 participa\u00e7\u00e3o nos lucros e resultados, folha de pagamento, dispensa e admiss\u00e3o de funcion\u00e1rios, cooperativas de trabalho, v\u00ednculo empregat\u00edcio, ass\u00e9dio moral e sexual, sindicatos e terceiriza\u00e7\u00e3o;Ingresso de a\u00e7\u00f5es trabalhistas e defesa, orienta\u00e7\u00e3o na contrata\u00e7\u00e3o e admiss\u00e3o de empregados, participa\u00e7\u00e3o nas negocia\u00e7\u00f5es coletivas, contratos e auditorias;","breadcrumb":{"@id":"https:\/\/www.habibadvogados.com.br\/english\/expertise\/labor\/#breadcrumb"},"inLanguage":"pt-BR","potentialAction":[{"@type":"ReadAction","target":["https:\/\/www.habibadvogados.com.br\/english\/expertise\/labor\/"]}]},{"@type":"BreadcrumbList","@id":"https:\/\/www.habibadvogados.com.br\/english\/expertise\/labor\/#breadcrumb","itemListElement":[{"@type":"ListItem","position":1,"name":"In\u00edcio","item":"https:\/\/www.habibadvogados.com.br\/english\/"},{"@type":"ListItem","position":2,"name":"Expertise","item":"https:\/\/www.habibadvogados.com.br\/english\/expertise\/"},{"@type":"ListItem","position":3,"name":"Labor"}]},{"@type":"WebSite","@id":"https:\/\/www.habibadvogados.com.br\/english\/#website","url":"https:\/\/www.habibadvogados.com.br\/english\/","name":"Habib Advogados | Advocacia e Consultoria Jur\u00eddica","description":"A Habib Advocacia \u00e9 formada por profissionais com experi\u00eancia consolidada em direito tribut\u00e1rio que prestam servi\u00e7os diferenciados pelo grau de especializa\u00e7\u00e3o, com atendimento personalizado e foco no cliente e seus resultados.","publisher":{"@id":"https:\/\/www.habibadvogados.com.br\/english\/#organization"},"potentialAction":[{"@type":"SearchAction","target":{"@type":"EntryPoint","urlTemplate":"https:\/\/www.habibadvogados.com.br\/english\/?s={search_term_string}"},"query-input":{"@type":"PropertyValueSpecification","valueRequired":true,"valueName":"search_term_string"}}],"inLanguage":"pt-BR"},{"@type":"Organization","@id":"https:\/\/www.habibadvogados.com.br\/english\/#organization","name":"Habib Advogados","url":"https:\/\/www.habibadvogados.com.br\/english\/","logo":{"@type":"ImageObject","inLanguage":"pt-BR","@id":"https:\/\/www.habibadvogados.com.br\/english\/#\/schema\/logo\/image\/","url":"https:\/\/www.habibadvogados.com.br\/english\/wp-content\/uploads\/2018\/07\/logo_habib_site.png","contentUrl":"https:\/\/www.habibadvogados.com.br\/english\/wp-content\/uploads\/2018\/07\/logo_habib_site.png","width":360,"height":260,"caption":"Habib Advogados"},"image":{"@id":"https:\/\/www.habibadvogados.com.br\/english\/#\/schema\/logo\/image\/"},"sameAs":["https:\/\/www.linkedin.com\/company\/habibadvogados\/"]}]}},"_links":{"self":[{"href":"https:\/\/www.habibadvogados.com.br\/english\/wp-json\/wp\/v2\/pages\/578","targetHints":{"allow":["GET"]}}],"collection":[{"href":"https:\/\/www.habibadvogados.com.br\/english\/wp-json\/wp\/v2\/pages"}],"about":[{"href":"https:\/\/www.habibadvogados.com.br\/english\/wp-json\/wp\/v2\/types\/page"}],"author":[{"embeddable":true,"href":"https:\/\/www.habibadvogados.com.br\/english\/wp-json\/wp\/v2\/users\/1"}],"replies":[{"embeddable":true,"href":"https:\/\/www.habibadvogados.com.br\/english\/wp-json\/wp\/v2\/comments?post=578"}],"version-history":[{"count":5,"href":"https:\/\/www.habibadvogados.com.br\/english\/wp-json\/wp\/v2\/pages\/578\/revisions"}],"predecessor-version":[{"id":934,"href":"https:\/\/www.habibadvogados.com.br\/english\/wp-json\/wp\/v2\/pages\/578\/revisions\/934"}],"up":[{"embeddable":true,"href":"https:\/\/www.habibadvogados.com.br\/english\/wp-json\/wp\/v2\/pages\/337"}],"wp:attachment":[{"href":"https:\/\/www.habibadvogados.com.br\/english\/wp-json\/wp\/v2\/media?parent=578"}],"curies":[{"name":"wp","href":"https:\/\/api.w.org\/{rel}","templated":true}]}}